{"id":6,"date":"2022-12-02T13:36:09","date_gmt":"2022-12-02T12:36:09","guid":{"rendered":"https:\/\/studyhelp-os.de\/?page_id=6"},"modified":"2023-10-14T15:17:59","modified_gmt":"2023-10-14T13:17:59","slug":"impressum","status":"publish","type":"page","link":"https:\/\/studentsos.de\/en\/impressum\/","title":{"rendered":"Impressum"},"content":{"rendered":"<p><strong>Sozialfonds f\u00fcr Osnabr\u00fccker Studierende (SOS) e.V.<\/strong><br>c\/o International Office der Universit\u00e4t Osnabr\u00fcck<br>Neuer Graben 27<br>49074 Osnabr\u00fcck<br>+49 (0)541 \/ 969-4972<br>malte.paolo.benjamins(at)@uos.de<\/p>\n\n\n\n<p>Registriert unter&nbsp;<strong>VR 200712<\/strong>&nbsp;beim&nbsp;<strong>Amtsgericht Osnabr\u00fcck<\/strong><\/p>\n\n\n\n<p>Gemeinschaftlich vertretungsbefugt f\u00fcr den gemeinn\u00fctzigen Verein sind die erste Vorsitzende, Lioba Meyer, sowie der Gesch\u00e4ftsf\u00fchrer, Malte Paolo Benjamins.<\/p>\n\n\n\n<p>Verantwortlicher i.S.d. \u00a7 55 Abs. 2 RStV: Malte Paolo Benjamins<\/p>\n\n\n\n<p>Das Impressum gilt f\u00fcr:&nbsp;<a href=\"https:\/\/studentsos.de\/\" target=\"_blank\" rel=\"noreferrer noopener\">https:\/\/studentsos.de\/<\/a><\/p>\n\n\n\n<p><strong>Datenschutzerkl\u00e4rung nach \u00a7 13 Abs. 1 Telemediengesetz (TMG)<\/strong><br>Der Sozialfonds f\u00fcr Osnabr\u00fccker Studierende e.V. verarbeitet Daten ausschlie\u00dflich nach den geltenden datenschutzrechtlichen Bestimmungen.<br>Rechtsgrundlagen sind unter anderem:<br><a rel=\"noreferrer noopener\" href=\"http:\/\/www.nds-voris.de\/jportal\/?quelle=jlink&amp;query=DSG+ND&amp;psml=bsvorisprod.psml&amp;max=true\" target=\"_blank\">Nieders\u00e4chsische Datenschutzgesetz<\/a><br><a rel=\"noreferrer noopener\" href=\"http:\/\/www.nds-voris.de\/jportal\/?quelle=jlink&amp;query=HSchulG+ND&amp;psml=bsvorisprod.psml&amp;max=true\" target=\"_blank\">Nieders\u00e4chsisches Hochschulgesetz<\/a><\/p>\n\n\n\n<p>Link auf die Plattform der EU-Kommission zur Online-Streitbeilegung:&nbsp;<a href=\"https:\/\/ec.europa.eu\/consumers\/odr\" target=\"_blank\" rel=\"noreferrer noopener\">https:\/\/ec.europa.eu\/consumers\/odr<\/a><\/p>\n\n\n\n<p>Zur Teilnahme an einem Streitbeilegungsverfahren vor einer Verbraucherschlichtungsstelle sind wir nicht verpflichtet und grunds\u00e4tzlich nicht bereit.<\/p>\n\n\n\n<p><strong>Analysedaten<\/strong><br>Diese Internetseiten verwenden keinen Webanalysedienst.<\/p>","protected":false},"excerpt":{"rendered":"<p>Sozialfonds f\u00fcr Osnabr\u00fccker Studierende (SOS) e.V.c\/o International Office der Universit\u00e4t Osnabr\u00fcckNeuer Graben 2749074 Osnabr\u00fcck+49 (0)541 \/ 969-4972malte.paolo.benjamins(at)@uos.de Registriert unter&nbsp;VR 200712&nbsp;beim&nbsp;Amtsgericht Osnabr\u00fcck Gemeinschaftlich vertretungsbefugt f\u00fcr den gemeinn\u00fctzigen Verein sind die erste Vorsitzende, Lioba Meyer, sowie der Gesch\u00e4ftsf\u00fchrer, Malte Paolo Benjamins. Verantwortlicher i.S.d. \u00a7 55 Abs. 2 RStV: Malte Paolo Benjamins Das Impressum gilt f\u00fcr:&nbsp;https:\/\/studentsos.de\/ Datenschutzerkl\u00e4rung nach [&hellip;]<\/p>\n","protected":false},"author":2,"featured_media":0,"parent":0,"menu_order":0,"comment_status":"closed","ping_status":"closed","template":"","meta":{"_et_pb_use_builder":"","_et_pb_old_content":"","_et_gb_content_width":"","inline_featured_image":false,"footnotes":""},"class_list":["post-6","page","type-page","status-publish","hentry"],"yoast_head":"<!-- This site is optimized with the Yoast SEO plugin v27.3 - https:\/\/yoast.com\/product\/yoast-seo-wordpress\/ -->\n<title>Impressum - Sozialfonds f\u00fcr Osnabr\u00fccker Studierende e.V.<\/title>\n<meta name=\"description\" content=\"Impressum Sozialfonds f\u00fcr Osnabr\u00fccker Studierende e.V. %\" \/>\n<meta name=\"robots\" content=\"index, follow, max-snippet:-1, max-image-preview:large, max-video-preview:-1\" \/>\n<link rel=\"canonical\" href=\"https:\/\/studentsos.de\/en\/impressum\/\" \/>\n<meta property=\"og:locale\" content=\"en_US\" \/>\n<meta property=\"og:type\" content=\"article\" \/>\n<meta property=\"og:title\" content=\"Impressum - Sozialfonds f\u00fcr Osnabr\u00fccker Studierende e.V.\" \/>\n<meta property=\"og:description\" content=\"Impressum Sozialfonds f\u00fcr Osnabr\u00fccker Studierende e.V. %\" \/>\n<meta property=\"og:url\" content=\"https:\/\/studentsos.de\/en\/impressum\/\" \/>\n<meta property=\"og:site_name\" content=\"Sozialfonds f\u00fcr Osnabr\u00fccker Studierende e.V.\" \/>\n<meta property=\"article:modified_time\" content=\"2023-10-14T13:17:59+00:00\" \/>\n<meta name=\"twitter:card\" content=\"summary_large_image\" \/>\n<meta name=\"twitter:label1\" content=\"Est. reading time\" \/>\n\t<meta name=\"twitter:data1\" content=\"1 minute\" \/>\n<script type=\"application\/ld+json\" class=\"yoast-schema-graph\">{\"@context\":\"https:\\\/\\\/schema.org\",\"@graph\":[{\"@type\":\"WebPage\",\"@id\":\"https:\\\/\\\/studentsos.de\\\/impressum\\\/\",\"url\":\"https:\\\/\\\/studentsos.de\\\/impressum\\\/\",\"name\":\"Impressum - Sozialfonds f\u00fcr Osnabr\u00fccker Studierende e.V.\",\"isPartOf\":{\"@id\":\"https:\\\/\\\/studentsos.de\\\/#website\"},\"datePublished\":\"2022-12-02T12:36:09+00:00\",\"dateModified\":\"2023-10-14T13:17:59+00:00\",\"description\":\"Impressum Sozialfonds f\u00fcr Osnabr\u00fccker Studierende e.V. %\",\"breadcrumb\":{\"@id\":\"https:\\\/\\\/studentsos.de\\\/impressum\\\/#breadcrumb\"},\"inLanguage\":\"en-US\",\"potentialAction\":[{\"@type\":\"ReadAction\",\"target\":[\"https:\\\/\\\/studentsos.de\\\/impressum\\\/\"]}]},{\"@type\":\"BreadcrumbList\",\"@id\":\"https:\\\/\\\/studentsos.de\\\/impressum\\\/#breadcrumb\",\"itemListElement\":[{\"@type\":\"ListItem\",\"position\":1,\"name\":\"Startseite\",\"item\":\"https:\\\/\\\/studentsos.de\\\/\"},{\"@type\":\"ListItem\",\"position\":2,\"name\":\"Impressum\"}]},{\"@type\":\"WebSite\",\"@id\":\"https:\\\/\\\/studentsos.de\\\/#website\",\"url\":\"https:\\\/\\\/studentsos.de\\\/\",\"name\":\"Sozialfonds f\u00fcr Osnabr\u00fccker Studierende e.V.\",\"description\":\"\",\"publisher\":{\"@id\":\"https:\\\/\\\/studentsos.de\\\/#organization\"},\"potentialAction\":[{\"@type\":\"SearchAction\",\"target\":{\"@type\":\"EntryPoint\",\"urlTemplate\":\"https:\\\/\\\/studentsos.de\\\/?s={search_term_string}\"},\"query-input\":{\"@type\":\"PropertyValueSpecification\",\"valueRequired\":true,\"valueName\":\"search_term_string\"}}],\"inLanguage\":\"en-US\"},{\"@type\":\"Organization\",\"@id\":\"https:\\\/\\\/studentsos.de\\\/#organization\",\"name\":\"Sozialfonds f\u00fcr Osnabr\u00fccker Studierende e.V.\",\"url\":\"https:\\\/\\\/studentsos.de\\\/\",\"logo\":{\"@type\":\"ImageObject\",\"inLanguage\":\"en-US\",\"@id\":\"https:\\\/\\\/studentsos.de\\\/#\\\/schema\\\/logo\\\/image\\\/\",\"url\":\"https:\\\/\\\/studentsos.de\\\/wp-content\\\/uploads\\\/2023\\\/03\\\/Logo_SOS-OS_RGB_breith-1.png\",\"contentUrl\":\"https:\\\/\\\/studentsos.de\\\/wp-content\\\/uploads\\\/2023\\\/03\\\/Logo_SOS-OS_RGB_breith-1.png\",\"width\":1920,\"height\":453,\"caption\":\"Sozialfonds f\u00fcr Osnabr\u00fccker Studierende e.V.\"},\"image\":{\"@id\":\"https:\\\/\\\/studentsos.de\\\/#\\\/schema\\\/logo\\\/image\\\/\"}}]}<\/script>\n<!-- \/ Yoast SEO plugin. -->","yoast_head_json":{"title":"Impressum - Sozialfonds f\u00fcr Osnabr\u00fccker Studierende e.V.","description":"Impressum Sozialfonds f\u00fcr Osnabr\u00fccker Studierende e.V. %","robots":{"index":"index","follow":"follow","max-snippet":"max-snippet:-1","max-image-preview":"max-image-preview:large","max-video-preview":"max-video-preview:-1"},"canonical":"https:\/\/studentsos.de\/en\/impressum\/","og_locale":"en_US","og_type":"article","og_title":"Impressum - Sozialfonds f\u00fcr Osnabr\u00fccker Studierende e.V.","og_description":"Impressum Sozialfonds f\u00fcr Osnabr\u00fccker Studierende e.V. %","og_url":"https:\/\/studentsos.de\/en\/impressum\/","og_site_name":"Sozialfonds f\u00fcr Osnabr\u00fccker Studierende e.V.","article_modified_time":"2023-10-14T13:17:59+00:00","twitter_card":"summary_large_image","twitter_misc":{"Est. reading time":"1 minute"},"schema":{"@context":"https:\/\/schema.org","@graph":[{"@type":"WebPage","@id":"https:\/\/studentsos.de\/impressum\/","url":"https:\/\/studentsos.de\/impressum\/","name":"Impressum - Sozialfonds f\u00fcr Osnabr\u00fccker Studierende e.V.","isPartOf":{"@id":"https:\/\/studentsos.de\/#website"},"datePublished":"2022-12-02T12:36:09+00:00","dateModified":"2023-10-14T13:17:59+00:00","description":"Impressum Sozialfonds f\u00fcr Osnabr\u00fccker Studierende e.V. %","breadcrumb":{"@id":"https:\/\/studentsos.de\/impressum\/#breadcrumb"},"inLanguage":"en-US","potentialAction":[{"@type":"ReadAction","target":["https:\/\/studentsos.de\/impressum\/"]}]},{"@type":"BreadcrumbList","@id":"https:\/\/studentsos.de\/impressum\/#breadcrumb","itemListElement":[{"@type":"ListItem","position":1,"name":"Startseite","item":"https:\/\/studentsos.de\/"},{"@type":"ListItem","position":2,"name":"Impressum"}]},{"@type":"WebSite","@id":"https:\/\/studentsos.de\/#website","url":"https:\/\/studentsos.de\/","name":"Sozialfonds f\u00fcr Osnabr\u00fccker Studierende e.V.","description":"","publisher":{"@id":"https:\/\/studentsos.de\/#organization"},"potentialAction":[{"@type":"SearchAction","target":{"@type":"EntryPoint","urlTemplate":"https:\/\/studentsos.de\/?s={search_term_string}"},"query-input":{"@type":"PropertyValueSpecification","valueRequired":true,"valueName":"search_term_string"}}],"inLanguage":"en-US"},{"@type":"Organization","@id":"https:\/\/studentsos.de\/#organization","name":"Sozialfonds f\u00fcr Osnabr\u00fccker Studierende e.V.","url":"https:\/\/studentsos.de\/","logo":{"@type":"ImageObject","inLanguage":"en-US","@id":"https:\/\/studentsos.de\/#\/schema\/logo\/image\/","url":"https:\/\/studentsos.de\/wp-content\/uploads\/2023\/03\/Logo_SOS-OS_RGB_breith-1.png","contentUrl":"https:\/\/studentsos.de\/wp-content\/uploads\/2023\/03\/Logo_SOS-OS_RGB_breith-1.png","width":1920,"height":453,"caption":"Sozialfonds f\u00fcr Osnabr\u00fccker Studierende e.V."},"image":{"@id":"https:\/\/studentsos.de\/#\/schema\/logo\/image\/"}}]}},"_links":{"self":[{"href":"https:\/\/studentsos.de\/en\/wp-json\/wp\/v2\/pages\/6","targetHints":{"allow":["GET"]}}],"collection":[{"href":"https:\/\/studentsos.de\/en\/wp-json\/wp\/v2\/pages"}],"about":[{"href":"https:\/\/studentsos.de\/en\/wp-json\/wp\/v2\/types\/page"}],"author":[{"embeddable":true,"href":"https:\/\/studentsos.de\/en\/wp-json\/wp\/v2\/users\/2"}],"replies":[{"embeddable":true,"href":"https:\/\/studentsos.de\/en\/wp-json\/wp\/v2\/comments?post=6"}],"version-history":[{"count":3,"href":"https:\/\/studentsos.de\/en\/wp-json\/wp\/v2\/pages\/6\/revisions"}],"predecessor-version":[{"id":301,"href":"https:\/\/studentsos.de\/en\/wp-json\/wp\/v2\/pages\/6\/revisions\/301"}],"wp:attachment":[{"href":"https:\/\/studentsos.de\/en\/wp-json\/wp\/v2\/media?parent=6"}],"curies":[{"name":"wp","href":"https:\/\/api.w.org\/{rel}","templated":true}]}}